{"id":40,"date":"2024-12-28T20:33:51","date_gmt":"2024-12-28T23:33:51","guid":{"rendered":"https:\/\/santaanadelosguacaras.gob.ar\/sitionuevo\/?page_id=40"},"modified":"2025-01-11T23:59:26","modified_gmt":"2025-01-12T02:59:26","slug":"inicio","status":"publish","type":"page","link":"https:\/\/santaanadelosguacaras.gob.ar\/sitio\/","title":{"rendered":"Inicio"},"content":{"rendered":"\n<h2 class=\"wp-block-heading\"><strong>\u00a1Bienvenidos a Nuestro Nuevo Sitio Web!<\/strong><\/h2>\n\n\n\n<p>Nos complace anunciar el lanzamiento del <strong>nuevo portal web de la Municipalidad de Santa Ana de los Gu\u00e1caras<\/strong>. Este espacio ha sido dise\u00f1ado pensando en ustedes, nuestros vecinos, para brindarles una experiencia m\u00e1s \u00e1gil, moderna y accesible.<\/p>\n\n\n\n<p>Aqu\u00ed podr\u00e1n encontrar informaci\u00f3n actualizada sobre noticias locales, servicios municipales, actividades culturales, tr\u00e1mites, y mucho m\u00e1s.<\/p>\n\n\n\n<p>Los invitamos a explorar todas las secciones y a descubrir las herramientas que hemos implementado para estar m\u00e1s cerca de nuestra comunidad. \u00a1Este sitio es para ustedes!<\/p>\n\n\n<div class='pt-cv-wrapper'> <h3 class='pt-cv-heading-container heading1' data-blockid='apa2v7lp'><span class='pt-cv-heading'> Ultimas Noticias <\/span><\/h3><div class=\"pt-cv-view pt-cv-collapsible iscvblock iscvreal collapsible layout1\" id=\"pt-cv-view-apa2v7lp\"><div data-id=\"pt-cv-page-1\" class=\"pt-cv-page\" data-cvc=\"3\"><div class=\"panel-group\" id=\"50356e3joq\"><div class=\"panel panel-default pt-cv-content-item pt-cv-1-col\" >\r\n<div class=\"panel-heading pt-cv-title\">\r\n    <a class=\"panel-title\" data-toggle=\"cvcollapse\" data-parent=\"#50356e3joq\" data-target=\"#4a86f4asta\" href='https:\/\/santaanadelosguacaras.gob.ar\/sitio\/operativo-en-el-ingenio-primer-correntino\/' onclick='event.preventDefault()'>\r\n\t\tOperativo en el Ingenio Primer Correntino\t<\/a>\r\n\t<\/div>\r\n<div id=\"4a86f4asta\" class=\"panel-collapse collapse in\">\r\n\t<div class=\"panel-body\">\r\n\t\t<div class=\"pt-cv-thumb-wrapper  \"><a href=\"https:\/\/santaanadelosguacaras.gob.ar\/sitio\/operativo-en-el-ingenio-primer-correntino\/\" class=\"_self pt-cv-href-thumbnail pt-cv-thumb-default\" target=\"_self\" ><img loading=\"lazy\" decoding=\"async\" width=\"768\" height=\"1002\" src=\"https:\/\/santaanadelosguacaras.gob.ar\/sitio\/wp-content\/uploads\/2026\/04\/image-5-768x1002.png\" class=\"pt-cv-thumbnail\" alt=\"\" \/><\/a><\/div>\n<div class=\"pt-cv-taxoterm above_title\"><a href='https:\/\/santaanadelosguacaras.gob.ar\/sitio\/categorias\/eventos\/' title='Eventos' class='pt-cv-tax-eventos'>Eventos<\/a><\/div>\n<div class=\"pt-cv-content\">La Municipalidad informa a los vecinos del Ingenio Primer Correntino que realizar\u00e1 un Operativo Integral el viernes 17 de abril, &#8230;<\/div>\n<div class=\"pt-cv-rmwrap\"><a href=\"https:\/\/santaanadelosguacaras.gob.ar\/sitio\/operativo-en-el-ingenio-primer-correntino\/\" class=\"_self pt-cv-readmore btn btn-success\" target=\"_self\" >Leer M\u00e1s<\/a><\/div>\t<\/div>\r\n<\/div><\/div>\n<div class=\"panel panel-default pt-cv-content-item pt-cv-1-col\" >\r\n<div class=\"panel-heading pt-cv-title\">\r\n    <a class=\"panel-title\" data-toggle=\"cvcollapse\" data-parent=\"#50356e3joq\" data-target=\"#0908bf5duq\" href='https:\/\/santaanadelosguacaras.gob.ar\/sitio\/invitacion-a-misa-y-obra-la-pasion-segun-san-juan\/' onclick='event.preventDefault()'>\r\n\t\tInvitaci\u00f3n a Misa y Obra \u201cLa Pasi\u00f3n seg\u00fan San Juan\u201d\t<\/a>\r\n\t<\/div>\r\n<div id=\"0908bf5duq\" class=\"panel-collapse collapse \">\r\n\t<div class=\"panel-body\">\r\n\t\t<div class=\"pt-cv-thumb-wrapper  \"><a href=\"https:\/\/santaanadelosguacaras.gob.ar\/sitio\/invitacion-a-misa-y-obra-la-pasion-segun-san-juan\/\" class=\"_self pt-cv-href-thumbnail pt-cv-thumb-default\" target=\"_self\" ><img loading=\"lazy\" decoding=\"async\" width=\"526\" height=\"710\" src=\"https:\/\/santaanadelosguacaras.gob.ar\/sitio\/wp-content\/uploads\/2026\/04\/image-2.png\" class=\"pt-cv-thumbnail\" alt=\"\" \/><\/a><\/div>\n<div class=\"pt-cv-taxoterm above_title\"><a href='https:\/\/santaanadelosguacaras.gob.ar\/sitio\/categorias\/avisos\/' title='Avisos' class='pt-cv-tax-avisos'>Avisos<\/a><a href='https:\/\/santaanadelosguacaras.gob.ar\/sitio\/categorias\/invitaciones\/' title='Invitaciones' class='pt-cv-tax-invitaciones'>Invitaciones<\/a><\/div>\n<div class=\"pt-cv-content\">Debido a las condiciones clim\u00e1ticas la representaci\u00f3n de la obra \u00bb La Pasi\u00f3n seg\u00fan San Juan\u00bb se reprograma. Nueva fecha: &#8230;<\/div>\n<div class=\"pt-cv-rmwrap\"><a href=\"https:\/\/santaanadelosguacaras.gob.ar\/sitio\/invitacion-a-misa-y-obra-la-pasion-segun-san-juan\/\" class=\"_self pt-cv-readmore btn btn-success\" target=\"_self\" >Leer M\u00e1s<\/a><\/div>\t<\/div>\r\n<\/div><\/div>\n<div class=\"panel panel-default pt-cv-content-item pt-cv-1-col\" >\r\n<div class=\"panel-heading pt-cv-title\">\r\n    <a class=\"panel-title\" data-toggle=\"cvcollapse\" data-parent=\"#50356e3joq\" data-target=\"#ce61e1fbg9\" href='https:\/\/santaanadelosguacaras.gob.ar\/sitio\/seguridad-vial\/' onclick='event.preventDefault()'>\r\n\t\tSeguridad Vial\t<\/a>\r\n\t<\/div>\r\n<div id=\"ce61e1fbg9\" class=\"panel-collapse collapse \">\r\n\t<div class=\"panel-body\">\r\n\t\t<div class=\"pt-cv-thumb-wrapper  \"><a href=\"https:\/\/santaanadelosguacaras.gob.ar\/sitio\/seguridad-vial\/\" class=\"_self pt-cv-href-thumbnail pt-cv-thumb-default\" target=\"_self\" ><img loading=\"lazy\" decoding=\"async\" width=\"768\" height=\"1103\" src=\"https:\/\/santaanadelosguacaras.gob.ar\/sitio\/wp-content\/uploads\/2026\/04\/image-4-768x1103.png\" class=\"pt-cv-thumbnail\" alt=\"\" \/><\/a><\/div>\n<div class=\"pt-cv-taxoterm above_title\"><a href='https:\/\/santaanadelosguacaras.gob.ar\/sitio\/categorias\/comunicados\/' title='Comunicados' class='pt-cv-tax-comunicados'>Comunicados<\/a><\/div>\n<div class=\"pt-cv-content\">Este viernes 10 de abril, se realizar\u00e1 una capacitaci\u00f3n para agentes de tr\u00e1nsito, junto al Ministerio de Seguridad de Corrientes &#8230;<\/div>\n<div class=\"pt-cv-rmwrap\"><a href=\"https:\/\/santaanadelosguacaras.gob.ar\/sitio\/seguridad-vial\/\" class=\"_self pt-cv-readmore btn btn-success\" target=\"_self\" >Leer M\u00e1s<\/a><\/div>\t<\/div>\r\n<\/div><\/div>\n<div class=\"panel panel-default pt-cv-content-item pt-cv-1-col\" >\r\n<div class=\"panel-heading pt-cv-title\">\r\n    <a class=\"panel-title\" data-toggle=\"cvcollapse\" data-parent=\"#50356e3joq\" data-target=\"#7a135e1whp\" href='https:\/\/santaanadelosguacaras.gob.ar\/sitio\/educacion-vial\/' onclick='event.preventDefault()'>\r\n\t\tEducaci\u00f3n Vial\t<\/a>\r\n\t<\/div>\r\n<div id=\"7a135e1whp\" class=\"panel-collapse collapse \">\r\n\t<div class=\"panel-body\">\r\n\t\t<div class=\"pt-cv-thumb-wrapper  \"><a href=\"https:\/\/santaanadelosguacaras.gob.ar\/sitio\/educacion-vial\/\" class=\"_self pt-cv-href-thumbnail pt-cv-thumb-default\" target=\"_self\" ><img loading=\"lazy\" decoding=\"async\" width=\"526\" height=\"790\" src=\"https:\/\/santaanadelosguacaras.gob.ar\/sitio\/wp-content\/uploads\/2026\/04\/image-3.png\" class=\"pt-cv-thumbnail\" alt=\"\" \/><\/a><\/div>\n<div class=\"pt-cv-taxoterm above_title\"><a href='https:\/\/santaanadelosguacaras.gob.ar\/sitio\/categorias\/invitaciones\/' title='Invitaciones' class='pt-cv-tax-invitaciones'>Invitaciones<\/a><\/div>\n<div class=\"pt-cv-content\">Este viernes 10 de abril se realizar\u00e1 en Santa Ana de los Gu\u00e1caras una charla de Educaci\u00f3n Vial en Colegio &#8230;<\/div>\n<div class=\"pt-cv-rmwrap\"><a href=\"https:\/\/santaanadelosguacaras.gob.ar\/sitio\/educacion-vial\/\" class=\"_self pt-cv-readmore btn btn-success\" target=\"_self\" >Leer M\u00e1s<\/a><\/div>\t<\/div>\r\n<\/div><\/div>\n<div class=\"panel panel-default pt-cv-content-item pt-cv-1-col\" >\r\n<div class=\"panel-heading pt-cv-title\">\r\n    <a class=\"panel-title\" data-toggle=\"cvcollapse\" data-parent=\"#50356e3joq\" data-target=\"#64d3f0aytm\" href='https:\/\/santaanadelosguacaras.gob.ar\/sitio\/operativo-gas-16-de-abril\/' onclick='event.preventDefault()'>\r\n\t\tOperativo Gas &#8211; Viernes 10 de Abril\t<\/a>\r\n\t<\/div>\r\n<div id=\"64d3f0aytm\" class=\"panel-collapse collapse \">\r\n\t<div class=\"panel-body\">\r\n\t\t<div class=\"pt-cv-thumb-wrapper  \"><a href=\"https:\/\/santaanadelosguacaras.gob.ar\/sitio\/operativo-gas-16-de-abril\/\" class=\"_self pt-cv-href-thumbnail pt-cv-thumb-default\" target=\"_self\" ><img loading=\"lazy\" decoding=\"async\" width=\"768\" height=\"402\" src=\"https:\/\/santaanadelosguacaras.gob.ar\/sitio\/wp-content\/uploads\/2025\/01\/gas_portada-768x402.webp\" class=\"pt-cv-thumbnail\" alt=\"\" \/><\/a><\/div>\n<div class=\"pt-cv-taxoterm above_title\"><a href='https:\/\/santaanadelosguacaras.gob.ar\/sitio\/categorias\/accion-social\/' title='Acci\u00f3n Social' class='pt-cv-tax-accion-social'>Acci\u00f3n Social<\/a><\/div>\n<div class=\"pt-cv-content\">Como cada semana, vecinos pueden adquirir gas a precios accesibles en Plaza San Mart\u00edn. Vecinos cada semana realizan las compras &#8230;<\/div>\n<div class=\"pt-cv-rmwrap\"><a href=\"https:\/\/santaanadelosguacaras.gob.ar\/sitio\/operativo-gas-16-de-abril\/\" class=\"_self pt-cv-readmore btn btn-success\" target=\"_self\" >Leer M\u00e1s<\/a><\/div>\t<\/div>\r\n<\/div><\/div>\n<div class=\"panel panel-default pt-cv-content-item pt-cv-1-col\" >\r\n<div class=\"panel-heading pt-cv-title\">\r\n    <a class=\"panel-title\" data-toggle=\"cvcollapse\" data-parent=\"#50356e3joq\" data-target=\"#f1696a27lt\" href='https:\/\/santaanadelosguacaras.gob.ar\/sitio\/un-destino-para-descubrir-todo-el-ano\/' onclick='event.preventDefault()'>\r\n\t\tUn destino para descubrir todo el a\u00f1o\t<\/a>\r\n\t<\/div>\r\n<div id=\"f1696a27lt\" class=\"panel-collapse collapse \">\r\n\t<div class=\"panel-body\">\r\n\t\t<div class=\"pt-cv-thumb-wrapper  \"><a href=\"https:\/\/santaanadelosguacaras.gob.ar\/sitio\/un-destino-para-descubrir-todo-el-ano\/\" class=\"_self pt-cv-href-thumbnail pt-cv-thumb-default\" target=\"_self\" ><img loading=\"lazy\" decoding=\"async\" width=\"768\" height=\"1368\" src=\"https:\/\/santaanadelosguacaras.gob.ar\/sitio\/wp-content\/uploads\/2026\/04\/5280cb12-0ad9-4623-b587-1b2d9fdd190d-768x1368.webp\" class=\"pt-cv-thumbnail\" alt=\"\" \/><\/a><\/div>\n<div class=\"pt-cv-taxoterm above_title\"><a href='https:\/\/santaanadelosguacaras.gob.ar\/sitio\/categorias\/cultura-y-turismo\/' title='Cultura y Turismo' class='pt-cv-tax-cultura-y-turismo'>Cultura y Turismo<\/a><a href='https:\/\/santaanadelosguacaras.gob.ar\/sitio\/categorias\/turismo-visitantes\/' title='Turismo - Visitantes' class='pt-cv-tax-turismo-visitantes'>Turismo &#8211; Visitantes<\/a><\/div>\n<div class=\"pt-cv-content\">En el coraz\u00f3n del Corredor Tur\u00edstico Gran Corrientes, Santa Ana de los Gu\u00e1caras se consolida como un destino elegido por &#8230;<\/div>\n<div class=\"pt-cv-rmwrap\"><a href=\"https:\/\/santaanadelosguacaras.gob.ar\/sitio\/un-destino-para-descubrir-todo-el-ano\/\" class=\"_self pt-cv-readmore btn btn-success\" target=\"_self\" >Leer M\u00e1s<\/a><\/div>\t<\/div>\r\n<\/div><\/div><\/div><\/div><\/div> <\/div> <style>\n\n#pt-cv-view-apa2v7lp .pt-cv-meta-fields {  }#pt-cv-view-apa2v7lp .pt-cv-meta-fields * { font-size: 13px; }#pt-cv-view-apa2v7lp .pt-cv-title a { display: block; }#pt-cv-view-apa2v7lp .pt-cv-title:not(.pt-cv-titlesm) a { font-weight: 600;text-decoration: none;font-size: 20px; }#pt-cv-view-apa2v7lp .pt-cv-titlesm a { font-weight: 600;font-size: 18px; }#pt-cv-view-apa2v7lp .pt-cv-content { font-size: 15px; }#pt-cv-view-apa2v7lp .pt-cv-rmwrap {  }#pt-cv-view-apa2v7lp .pt-cv-readmore { color: #fff;background-color: #0075ff;font-size: 14px; }#pt-cv-view-apa2v7lp .pt-cv-taxoterm {  }#pt-cv-view-apa2v7lp .pt-cv-taxoterm * { color: #222;background-color: #fff6f6;font-size: 14px; }#pt-cv-view-apa2v7lp + .pt-cv-pagination-wrapper {  }#pt-cv-view-apa2v7lp + .pt-cv-pagination-wrapper a { font-size: 14px; }\n@media all and (max-width: 1024px) { \n\n} \n@media all and (max-width: 767px) { \n\n} <\/style>","protected":false},"excerpt":{"rendered":"<p>\u00a1Bienvenidos a Nuestro Nuevo Sitio Web! Nos complace anunciar el lanzamiento del nuevo portal web de la Municipalidad de Santa Ana de los Gu\u00e1caras. Este espacio ha sido dise\u00f1ado pensando&hellip; <\/p>\n","protected":false},"author":2,"featured_media":0,"parent":0,"menu_order":0,"comment_status":"closed","ping_status":"closed","template":"","meta":{"footnotes":""},"class_list":["post-40","page","type-page","status-publish","hentry"],"yoast_head":"<!-- This site is optimized with the Yoast SEO plugin v24.8.1 - https:\/\/yoast.com\/wordpress\/plugins\/seo\/ -->\n<title>Inicio - Municipalidad de Santa Ana de los Gu\u00e1caras<\/title>\n<meta name=\"robots\" content=\"index, follow, max-snippet:-1, max-image-preview:large, max-video-preview:-1\" \/>\n<link rel=\"canonical\" href=\"https:\/\/santaanadelosguacaras.gob.ar\/sitio\/\" \/>\n<meta property=\"og:locale\" content=\"es_ES\" \/>\n<meta property=\"og:type\" content=\"article\" \/>\n<meta property=\"og:title\" content=\"Inicio - Municipalidad de Santa Ana de los Gu\u00e1caras\" \/>\n<meta property=\"og:description\" content=\"\u00a1Bienvenidos a Nuestro Nuevo Sitio Web! Nos complace anunciar el lanzamiento del nuevo portal web de la Municipalidad de Santa Ana de los Gu\u00e1caras. Este espacio ha sido dise\u00f1ado pensando&hellip;\" \/>\n<meta property=\"og:url\" content=\"https:\/\/santaanadelosguacaras.gob.ar\/sitio\/\" \/>\n<meta property=\"og:site_name\" content=\"Municipalidad de Santa Ana de los Gu\u00e1caras\" \/>\n<meta property=\"article:publisher\" content=\"https:\/\/www.facebook.com\/MuniSantaAnaDeLosGuacaras\" \/>\n<meta property=\"article:modified_time\" content=\"2025-01-12T02:59:26+00:00\" \/>\n<meta name=\"twitter:card\" content=\"summary_large_image\" \/>\n<meta name=\"twitter:label1\" content=\"Tiempo de lectura\" \/>\n\t<meta name=\"twitter:data1\" content=\"1 minuto\" \/>\n<script type=\"application\/ld+json\" class=\"yoast-schema-graph\">{\"@context\":\"https:\/\/schema.org\",\"@graph\":[{\"@type\":\"WebPage\",\"@id\":\"https:\/\/santaanadelosguacaras.gob.ar\/sitio\/\",\"url\":\"https:\/\/santaanadelosguacaras.gob.ar\/sitio\/\",\"name\":\"Inicio - Municipalidad de Santa Ana de los Gu\u00e1caras\",\"isPartOf\":{\"@id\":\"https:\/\/santaanadelosguacaras.gob.ar\/sitio\/#website\"},\"datePublished\":\"2024-12-28T23:33:51+00:00\",\"dateModified\":\"2025-01-12T02:59:26+00:00\",\"breadcrumb\":{\"@id\":\"https:\/\/santaanadelosguacaras.gob.ar\/sitio\/#breadcrumb\"},\"inLanguage\":\"es\",\"potentialAction\":[{\"@type\":\"ReadAction\",\"target\":[\"https:\/\/santaanadelosguacaras.gob.ar\/sitio\/\"]}]},{\"@type\":\"BreadcrumbList\",\"@id\":\"https:\/\/santaanadelosguacaras.gob.ar\/sitio\/#breadcrumb\",\"itemListElement\":[{\"@type\":\"ListItem\",\"position\":1,\"name\":\"Portada\",\"item\":\"https:\/\/santaanadelosguacaras.gob.ar\/sitio\/\"},{\"@type\":\"ListItem\",\"position\":2,\"name\":\"Inicio\"}]},{\"@type\":\"WebSite\",\"@id\":\"https:\/\/santaanadelosguacaras.gob.ar\/sitio\/#website\",\"url\":\"https:\/\/santaanadelosguacaras.gob.ar\/sitio\/\",\"name\":\"Municipalidad de Santa Ana de los Gu\u00e1caras\",\"description\":\"Descubre Santa Ana de los Gu\u00e1caras, un rinc\u00f3n lleno de historia, cultura y naturaleza en Corrientes. Informaci\u00f3n oficial sobre eventos, turismo, servicios municipales y m\u00e1s. \u00a1Con\u00e9ctate con nuestra comunidad!\",\"publisher\":{\"@id\":\"https:\/\/santaanadelosguacaras.gob.ar\/sitio\/#organization\"},\"alternateName\":\"MuniSantaAna\",\"potentialAction\":[{\"@type\":\"SearchAction\",\"target\":{\"@type\":\"EntryPoint\",\"urlTemplate\":\"https:\/\/santaanadelosguacaras.gob.ar\/sitio\/?s={search_term_string}\"},\"query-input\":{\"@type\":\"PropertyValueSpecification\",\"valueRequired\":true,\"valueName\":\"search_term_string\"}}],\"inLanguage\":\"es\"},{\"@type\":\"Organization\",\"@id\":\"https:\/\/santaanadelosguacaras.gob.ar\/sitio\/#organization\",\"name\":\"Municipalidad de Santa Ana de los Gu\u00e1caras\",\"alternateName\":\"MuniSantaAna\",\"url\":\"https:\/\/santaanadelosguacaras.gob.ar\/sitio\/\",\"logo\":{\"@type\":\"ImageObject\",\"inLanguage\":\"es\",\"@id\":\"https:\/\/santaanadelosguacaras.gob.ar\/sitio\/#\/schema\/logo\/image\/\",\"url\":\"https:\/\/santaanadelosguacaras.gob.ar\/sitio\/wp-content\/uploads\/2024\/12\/cropped-logo_muni_250.png\",\"contentUrl\":\"https:\/\/santaanadelosguacaras.gob.ar\/sitio\/wp-content\/uploads\/2024\/12\/cropped-logo_muni_250.png\",\"width\":247,\"height\":95,\"caption\":\"Municipalidad de Santa Ana de los Gu\u00e1caras\"},\"image\":{\"@id\":\"https:\/\/santaanadelosguacaras.gob.ar\/sitio\/#\/schema\/logo\/image\/\"},\"sameAs\":[\"https:\/\/www.facebook.com\/MuniSantaAnaDeLosGuacaras\",\"https:\/\/www.instagram.com\/muni_santaana_ctes\"]}]}<\/script>\n<!-- \/ Yoast SEO plugin. -->","yoast_head_json":{"title":"Inicio - Municipalidad de Santa Ana de los Gu\u00e1caras","robots":{"index":"index","follow":"follow","max-snippet":"max-snippet:-1","max-image-preview":"max-image-preview:large","max-video-preview":"max-video-preview:-1"},"canonical":"https:\/\/santaanadelosguacaras.gob.ar\/sitio\/","og_locale":"es_ES","og_type":"article","og_title":"Inicio - Municipalidad de Santa Ana de los Gu\u00e1caras","og_description":"\u00a1Bienvenidos a Nuestro Nuevo Sitio Web! Nos complace anunciar el lanzamiento del nuevo portal web de la Municipalidad de Santa Ana de los Gu\u00e1caras. Este espacio ha sido dise\u00f1ado pensando&hellip;","og_url":"https:\/\/santaanadelosguacaras.gob.ar\/sitio\/","og_site_name":"Municipalidad de Santa Ana de los Gu\u00e1caras","article_publisher":"https:\/\/www.facebook.com\/MuniSantaAnaDeLosGuacaras","article_modified_time":"2025-01-12T02:59:26+00:00","twitter_card":"summary_large_image","twitter_misc":{"Tiempo de lectura":"1 minuto"},"schema":{"@context":"https:\/\/schema.org","@graph":[{"@type":"WebPage","@id":"https:\/\/santaanadelosguacaras.gob.ar\/sitio\/","url":"https:\/\/santaanadelosguacaras.gob.ar\/sitio\/","name":"Inicio - Municipalidad de Santa Ana de los Gu\u00e1caras","isPartOf":{"@id":"https:\/\/santaanadelosguacaras.gob.ar\/sitio\/#website"},"datePublished":"2024-12-28T23:33:51+00:00","dateModified":"2025-01-12T02:59:26+00:00","breadcrumb":{"@id":"https:\/\/santaanadelosguacaras.gob.ar\/sitio\/#breadcrumb"},"inLanguage":"es","potentialAction":[{"@type":"ReadAction","target":["https:\/\/santaanadelosguacaras.gob.ar\/sitio\/"]}]},{"@type":"BreadcrumbList","@id":"https:\/\/santaanadelosguacaras.gob.ar\/sitio\/#breadcrumb","itemListElement":[{"@type":"ListItem","position":1,"name":"Portada","item":"https:\/\/santaanadelosguacaras.gob.ar\/sitio\/"},{"@type":"ListItem","position":2,"name":"Inicio"}]},{"@type":"WebSite","@id":"https:\/\/santaanadelosguacaras.gob.ar\/sitio\/#website","url":"https:\/\/santaanadelosguacaras.gob.ar\/sitio\/","name":"Municipalidad de Santa Ana de los Gu\u00e1caras","description":"Descubre Santa Ana de los Gu\u00e1caras, un rinc\u00f3n lleno de historia, cultura y naturaleza en Corrientes. Informaci\u00f3n oficial sobre eventos, turismo, servicios municipales y m\u00e1s. \u00a1Con\u00e9ctate con nuestra comunidad!","publisher":{"@id":"https:\/\/santaanadelosguacaras.gob.ar\/sitio\/#organization"},"alternateName":"MuniSantaAna","potentialAction":[{"@type":"SearchAction","target":{"@type":"EntryPoint","urlTemplate":"https:\/\/santaanadelosguacaras.gob.ar\/sitio\/?s={search_term_string}"},"query-input":{"@type":"PropertyValueSpecification","valueRequired":true,"valueName":"search_term_string"}}],"inLanguage":"es"},{"@type":"Organization","@id":"https:\/\/santaanadelosguacaras.gob.ar\/sitio\/#organization","name":"Municipalidad de Santa Ana de los Gu\u00e1caras","alternateName":"MuniSantaAna","url":"https:\/\/santaanadelosguacaras.gob.ar\/sitio\/","logo":{"@type":"ImageObject","inLanguage":"es","@id":"https:\/\/santaanadelosguacaras.gob.ar\/sitio\/#\/schema\/logo\/image\/","url":"https:\/\/santaanadelosguacaras.gob.ar\/sitio\/wp-content\/uploads\/2024\/12\/cropped-logo_muni_250.png","contentUrl":"https:\/\/santaanadelosguacaras.gob.ar\/sitio\/wp-content\/uploads\/2024\/12\/cropped-logo_muni_250.png","width":247,"height":95,"caption":"Municipalidad de Santa Ana de los Gu\u00e1caras"},"image":{"@id":"https:\/\/santaanadelosguacaras.gob.ar\/sitio\/#\/schema\/logo\/image\/"},"sameAs":["https:\/\/www.facebook.com\/MuniSantaAnaDeLosGuacaras","https:\/\/www.instagram.com\/muni_santaana_ctes"]}]}},"_links":{"self":[{"href":"https:\/\/santaanadelosguacaras.gob.ar\/sitio\/wp-json\/wp\/v2\/pages\/40","targetHints":{"allow":["GET"]}}],"collection":[{"href":"https:\/\/santaanadelosguacaras.gob.ar\/sitio\/wp-json\/wp\/v2\/pages"}],"about":[{"href":"https:\/\/santaanadelosguacaras.gob.ar\/sitio\/wp-json\/wp\/v2\/types\/page"}],"author":[{"embeddable":true,"href":"https:\/\/santaanadelosguacaras.gob.ar\/sitio\/wp-json\/wp\/v2\/users\/2"}],"replies":[{"embeddable":true,"href":"https:\/\/santaanadelosguacaras.gob.ar\/sitio\/wp-json\/wp\/v2\/comments?post=40"}],"version-history":[{"count":5,"href":"https:\/\/santaanadelosguacaras.gob.ar\/sitio\/wp-json\/wp\/v2\/pages\/40\/revisions"}],"predecessor-version":[{"id":392,"href":"https:\/\/santaanadelosguacaras.gob.ar\/sitio\/wp-json\/wp\/v2\/pages\/40\/revisions\/392"}],"wp:attachment":[{"href":"https:\/\/santaanadelosguacaras.gob.ar\/sitio\/wp-json\/wp\/v2\/media?parent=40"}],"curies":[{"name":"wp","href":"https:\/\/api.w.org\/{rel}","templated":true}]}}